{"id":496,"date":"2022-11-07T13:47:59","date_gmt":"2022-11-07T13:47:59","guid":{"rendered":"https:\/\/kadence.pixel-show.com\/influencer\/?page_id=6"},"modified":"2026-03-11T18:34:03","modified_gmt":"2026-03-11T17:34:03","slug":"home","status":"publish","type":"page","link":"https:\/\/reseau360.org\/","title":{"rendered":"Accueil"},"content":{"rendered":"\t\t<div data-elementor-type=\"wp-page\" data-elementor-id=\"496\" class=\"elementor elementor-496\">\n\t\t\t\t<div class=\"elementor-element elementor-element-2fdd3a9 e-flex e-con-boxed e-con e-parent\" data-id=\"2fdd3a9\" data-element_type=\"container\" data-e-type=\"container\">\n\t\t\t\t\t<div class=\"e-con-inner\">\n\t\t\t\t<div class=\"elementor-element elementor-element-6ab7560 elementor-widget elementor-widget-html\" data-id=\"6ab7560\" data-element_type=\"widget\" data-e-type=\"widget\" data-widget_type=\"html.default\">\n\t\t\t\t<div class=\"elementor-widget-container\">\n\t\t\t\t\t<div class=\"homepage-container main-container\">\r\n\r\n<section class=\"hero-premium\">\r\n    <div class=\"hero-overlay\"><\/div>\r\n    <div class=\"hero-container\">\r\n        \r\n        <div class=\"hero-missions-wrapper\">\r\n            <span class=\"mission-tag\">P\u00e9renniser<\/span>\r\n            <span class=\"mission-tag\">Assurer<\/span>\r\n            <span class=\"mission-tag\">Accompagner<\/span>\r\n            <span class=\"mission-tag\">Transformer<\/span>\r\n        <\/div>\r\n\r\n        <h1 class=\"hero-title\">\r\n            <span class=\"text-accent\"> Management de transition &<\/span><br><span class=\"text-accent\">de projet<\/span>\r\n            <small>Appui manag\u00e9rial \u2022 Audit \u2022 Conseil<\/small>\r\n        <\/h1>\r\n\r\n        <div class=\"hero-target-box\">\r\n            <p>Expertise d\u00e9di\u00e9e aux <strong>organismes gestionnaires<\/strong> d\u2019\u00e9tablissements m\u00e9dico-sociaux, socioculturels et socio-\u00e9ducatifs.<\/p>\r\n        <\/div>\r\n\r\n        <div class=\"hero-actions\">\r\n            <a href=\"https:\/\/reseau360.org\/index.php\/exemples-missions\/\" class=\"btn-primary\">\r\n                d\u00e9couvrez des exemples de missions\r\n                <svg width=\"20\" height=\"20\" viewBox=\"0 0 24 24\" fill=\"none\" stroke=\"currentColor\" stroke-width=\"2\" stroke-linecap=\"round\" stroke-linejoin=\"round\"><line x1=\"5\" y1=\"12\" x2=\"19\" y2=\"12\"><\/line><polyline points=\"12 5 19 12 12 19\"><\/polyline><\/svg>\r\n            <\/a>\r\n        <\/div>\r\n        \r\n    <\/div>\r\n<\/section>\r\n\r\n\r\n  <section class=\"about-us-preview\">\r\n    <h2 class=\"section-title\">Notre Engagement<\/h2>\r\n    <details class=\"about-details\">\r\n      <summary class=\"details-summary\">Notre vision du Management de Transition<\/summary>\r\n      <div class=\"details-content\">\r\n        <p>RESEAU 360 s'engage \u00e0 fournir un accompagnement professionnel, \u00e9thique et efficace. Nous intervenons rapidement pour diagnostiquer les situations complexes et piloter les changements n\u00e9cessaires, toujours dans le respect des valeurs de votre structure et de l'int\u00e9r\u00eat des usagers.<\/p>\r\n        <p>Nous sommes l'assurance d'une transition r\u00e9ussie et d'un soutien au d\u00e9veloppement de vos bonnes pratiques.<\/p>\r\n        <a href=\"https:\/\/reseau360.org\/index.php\/about-me\" class=\"text-link\">En savoir plus sur l'\u00e9quipe et nos m\u00e9thodes &rarr;<\/a>\r\n      <\/div>\r\n    <\/details>\r\n  <\/section>\r\n\r\n  <section class=\"services-section\">\r\n    <h2 class=\"section-title\">Nos Domaines d'Intervention Cl\u00e9s<\/h2>\r\n    <div class=\"services-grid\">\r\n      <div class=\"service-item\">\r\n        <i class=\"fas fa-handshake\"><\/i>\r\n        <h3>Gestion de Crise & Audit<\/h3>\r\n        <p>Diagnostic rapide de situations complexes (management, organisationnelle, financi\u00e8re) et mise en place de plans d'action structur\u00e9s.<\/p>\r\n      <\/div>\r\n      <div class=\"service-item\">\r\n        <i class=\"fas fa-route\"><\/i>\r\n        <h3>Management de Transition<\/h3>\r\n        <p>Assurer la continuit\u00e9 de direction lors de vacances de poste, d'absences ou pour piloter une transformation majeure sur une p\u00e9riode d\u00e9finie.<\/p>\r\n      <\/div>\r\n      <div class=\"service-item\">\r\n        <i class=\"fas fa-chart-line\"><\/i>\r\n        <h3>Appui au D\u00e9veloppement<\/h3>\r\n        <p>Accompagnement de la gouvernance et des \u00e9quipes pour l'\u00e9laboration de projets, la cr\u00e9ation de nouveaux dispositifs ou la pr\u00e9paration \u00e0 l'\u00e9valuation externe (HAS).<\/p>\r\n      <\/div>\r\n    <\/div>\r\n    <a href=\"https:\/\/reseau360.org\/index.php\/nos-services\" class=\"cta-button secondary-cta\">Voir le d\u00e9tail de nos missions<\/a>\r\n  <\/section>\r\n\r\n    <section class=\"final-cta-section\">\r\n    <h2 class=\"section-title\">Pr\u00eat \u00e0 transformer vos d\u00e9fis en opportunit\u00e9s ?<\/h2>\r\n    <p>Contactez-nous d\u00e8s aujourd'hui pour discuter de vos besoins sp\u00e9cifiques et b\u00e2tir une solution sur mesure.<\/p>\r\n    <a href=\"https:\/\/reseau360.org\/index.php\/contacts\" class=\"cta-button\">Nous Contacter<\/a>\r\n  <\/section>\r\n\r\n  <section class=\"about-us-preview second-about-us\">\r\n    <h2 class=\"section-title\">Qui sommes-nous ?<\/h2>\r\n    <details class=\"about-details\">\r\n      <summary class=\"details-summary\">Cliquez ici pour d\u00e9couvrir le fonctionnement de RESEAU 360<\/summary>\r\n      <div class=\"details-content\">\r\n        <p>RESEAU 360 est une soci\u00e9t\u00e9 dont la coordination est assur\u00e9e par <strong>Micha\u00ebl NAPOLI<\/strong>. Elle fonctionne \u00e0 partir d\u2019un r\u00e9seau s\u00e9lectionn\u00e9 et \u00e9volutif susceptible d\u2019intervenir durant, en amont ou en p\u00e9riph\u00e9rie d\u2019une mission.<\/p>\r\n        <p>Elle s\u2019appuie sur l\u2019expertise et l\u2019engagement de <strong>\u00ab fonctions m\u00e9tiers \u00bb<\/strong> et de <strong>\u00ab fonctions supports \u00bb<\/strong> pour \u0153uvrer avec vos \u00e9quipes dans une logique d\u2019am\u00e9lioration continue de la prestation et de la qualit\u00e9 d\u2019accompagnement des usagers.<\/p>\r\n        <a href=\"https:\/\/reseau360.org\/index.php\/about-me\" class=\"text-link\">En savoir plus sur l'\u00e9quipe &rarr;<\/a>\r\n      <\/div>\r\n    <\/details>\r\n  <\/section>\r\n\r\n  <section class=\"testimonials-section second-testimonials\">\r\n    <h2 class=\"section-title\">D\u00e9couvrez ici quelques t\u00e9moignages<\/h2>\r\n    <div class=\"testimonials-grid\">\r\n      <div class=\"testimonial-item\">\r\n        <p class=\"quote\">\u00ab Je commence par vous remercier une nouvelle fois pour toute l'aide apport\u00e9e. Sans votre intervention, l'association n'en serait pas l\u00e0 aujourd'hui \u00bb<\/p>\r\n        <p class=\"author\"><strong>Magalie M<\/strong><br>Pr\u00e9sidente, association Pitchounes et Ratatouille<\/p>\r\n      <\/div>\r\n      <div class=\"testimonial-item\">\r\n        <p class=\"quote\">\u00ab Nous vous remercions pour votre accompagnement et votre implication durant votre mission de transition au sein de notre structure. Votre \u00e9coute, votre disponibilit\u00e9 et votre bienveillance ont \u00e9t\u00e9 tr\u00e8s appr\u00e9ci\u00e9es \u00bb<\/p>\r\n        <p class=\"author\"><strong>Orane K<\/strong><br>Psychologue, UGECAM Normandie<\/p>\r\n      <\/div>\r\n      <div class=\"testimonial-item\">\r\n        <p class=\"quote\">\u00ab Je tenais \u00e0 vous adresser quelques mots concernant votre d\u00e9part (\u2026). J\u2019ai sinc\u00e8rement appr\u00e9ci\u00e9 travailler \u00e0 vos c\u00f4t\u00e9s durant cette courte p\u00e9riode. Votre sens de l\u2019organisation, votre disponibilit\u00e9 et votre efficacit\u00e9 ont \u00e9t\u00e9 pr\u00e9cieux pour l'ITEP ou DITEP, ainsi que pour le Coqual. Je vous remercie pour vos conseils, votre sympathie, ainsi que pour la confiance et l\u2019\u00e9coute dont vous avez fait preuve \u00bb<\/p>\r\n        <p class=\"author\"><strong>Amandine D<\/strong><br>IDE, UGECAM Normandie<\/p>\r\n      <\/div>\r\n      <div class=\"testimonial-item\">\r\n        <p class=\"quote\">\u00ab Je tiens \u00e0 vous remercier votre professionnalisme durant votre mission. M\u00eame sur une courte p\u00e9riode, votre implication s'est faite ressentir, et a \u00e9t\u00e9 tr\u00e8s appr\u00e9ci\u00e9e \u00bb<\/p>\r\n        <p class=\"author\"><strong>Audrey L<\/strong><br>Assistante de direction, UGECAM Normandie<\/p>\r\n      <\/div>\r\n      <div class=\"testimonial-item\">\r\n        <p class=\"quote\">\u00ab L'exp\u00e9rience aura \u00e9t\u00e9 courte mais assez longue pour appr\u00e9cier votre m\u00e9thode et votre rigueur, deux qualit\u00e9s essentielles \u00e0 mon avis \u00e0 la fonction de directeur \u00bb<\/p>\r\n        <p class=\"author\"><strong>Sylvain G<\/strong><br>ASS, UGECAM Normandie<\/p>\r\n      <\/div>\r\n    <\/div>\r\n  <\/section>\r\n\r\n <!-- \r\n <section class=\"services-section\">\r\n    <h2 class=\"section-title\">Nos Domaines d'Intervention<\/h2>\r\n    <div class=\"services-grid\">\r\n      <div class=\"service-item\">\r\n        <i class=\"icon-transition\"><\/i>\r\n        <h3>Management de Transition<\/h3>\r\n        <p>Assurer un relais op\u00e9rationnel et la continuit\u00e9 des activit\u00e9s en p\u00e9riode de changement ou de crise.<\/p>\r\n      <\/div>\r\n      <div class=\"service-item\">\r\n        <i class=\"icon-strategy\"><\/i>\r\n        <h3>Accompagnement Strat\u00e9gique<\/h3>\r\n        <p>D\u00e9finir et mettre en \u0153uvre de nouveaux projets, dispositifs ou services avec une vision claire.<\/p>\r\n      <\/div>\r\n      <div class=\"service-item\">\r\n        <i class=\"icon-transformation\"><\/i>\r\n        <h3>Transformation M\u00e9dico-Sociale<\/h3>\r\n        <p>Guider vos structures dans les \u00e9volutions du secteur et l'adaptation aux nouvelles r\u00e9glementations.<\/p>\r\n      <\/div>\r\n      <div class=\"service-item\">\r\n        <i class=\"icon-evaluation\"><\/i>\r\n        <h3>Pr\u00e9paration \u00c9valuation Externe<\/h3>\r\n        <p>Vous pr\u00e9parer efficacement \u00e0 l'\u00e9valuation externe, en conformit\u00e9 avec le r\u00e9f\u00e9rentiel HAS.<\/p>\r\n      <\/div>\r\n    <\/div>\r\n    <a href=\"https:\/\/reseau360.org\/index.php\/exemples-missions\" class=\"cta-button secondary-cta\">Voir toutes nos missions<\/a>\r\n  <\/section>\r\n  -->\r\n\r\n<\/div>\r\n\t\t\t\t<\/div>\n\t\t\t\t<\/div>\n\t\t\t\t<div class=\"elementor-element elementor-element-9d22637 elementor-widget elementor-widget-html\" data-id=\"9d22637\" data-element_type=\"widget\" data-e-type=\"widget\" data-widget_type=\"html.default\">\n\t\t\t\t<div class=\"elementor-widget-container\">\n\t\t\t\t\t<style>{\r\n  margin: 0;\r\n  background-color: #2B364D;\r\n  font-family: 'Segoe UI', Tahoma, Geneva, Verdana, sans-serif;\r\n  color: #FFF;\r\n}\r\n\r\n.homepage-container {\r\n    background-color: #2B364D; \r\n    color: #FFFFFF;\r\n    padding: 30px; \r\n    border-radius: 10px; \r\n    font-family: 'Segoe UI', Tahoma, Geneva, Verdana, sans-serif; \r\n    line-height: 1.7; \r\n}\r\n\r\n.section-title {\r\n    color: #1BAEEC;\r\n    font-size: 2.2em;\r\n    font-weight: 700;\r\n    text-align: center;\r\n    margin-bottom: 40px;\r\n    padding-bottom: 15px;\r\n    border-bottom: 2px solid rgba(27, 174, 236, 0.3);\r\n}\r\n\r\n\/* --- Variables de design --- *\/\r\n:root {\r\n    --primary-blue: #1BAEEC;\r\n    --dark-bg: #2B364D;\r\n    --text-white: #FFFFFF;\r\n    --text-dim: rgba(255, 255, 255, 0.7);\r\n}\r\n\r\n.hero-premium {\r\n    position: relative;\r\n    min-height: 85vh; \/* Occupation de l'espace visuel *\/\r\n    display: flex;\r\n    align-items: center;\r\n    justify-content: center;\r\n    background: url('https:\/\/reseau360.org\/wp-content\/uploads\/2025\/11\/Accueil.jpg') center\/cover no-repeat;\r\n    padding: 80px 20px;\r\n    color: var(--text-white);\r\n    font-family: 'Inter', 'Segoe UI', sans-serif;\r\n    overflow: hidden;\r\n}\r\n\r\n.hero-overlay {\r\n    position: absolute;\r\n    inset: 0;\r\n    background: linear-gradient(135deg, rgba(43, 54, 77, 0.95) 0%, rgba(43, 54, 77, 0.7) 100%);\r\n    z-index: 1;\r\n}\r\n\r\n.hero-container {\r\n    position: relative;\r\n    z-index: 2;\r\n    max-width: 1100px;\r\n    width: 100%;\r\n    text-align: center;\r\n}\r\n\r\n\/* --- 1. Tags des missions --- *\/\r\n.hero-missions-wrapper {\r\n    display: flex;\r\n    justify-content: center;\r\n    gap: 15px;\r\n    margin-bottom: 30px;\r\n    flex-wrap: wrap;\r\n}\r\n\r\n.mission-tag {\r\n    font-size: 0.85rem;\r\n    font-weight: 600;\r\n    text-transform: uppercase;\r\n    letter-spacing: 1.5px;\r\n    color: var(--primary-blue);\r\n    background: rgba(27, 174, 236, 0.1);\r\n    padding: 6px 16px;\r\n    border-radius: 50px;\r\n    border: 1px solid rgba(27, 174, 236, 0.3);\r\n}\r\n\r\n\/* --- 2. Titre Expertise --- *\/\r\n.hero-title {\r\n    font-size: clamp(2.5rem, 5vw, 4rem); \/* Taille adaptative *\/\r\n    font-weight: 800;\r\n    line-height: 1.1;\r\n    margin-bottom: 30px;\r\n    letter-spacing: -1px;\r\n}\r\n\r\n.text-accent {\r\n    color: var(--primary-blue);\r\n}\r\n\r\n.hero-title small {\r\n    display: block;\r\n    font-size: 1.5rem;\r\n    font-weight: 300;\r\n    color: var(--text-dim);\r\n    margin-top: 15px;\r\n    letter-spacing: 0px;\r\n}\r\n\r\n\/* --- 3. Cible (Target Box) --- *\/\r\n.hero-target-box {\r\n    max-width: 750px;\r\n    margin: 40px auto;\r\n    padding: 25px;\r\n    background: rgba(255, 255, 255, 0.03);\r\n    backdrop-filter: blur(10px); \/* Effet flou moderne *\/\r\n    border-radius: 12px;\r\n    border-left: 4px solid var(--primary-blue);\r\n}\r\n\r\n.hero-target-box p {\r\n    font-size: 1.25rem;\r\n    line-height: 1.6;\r\n    margin: 0;\r\n    color: var(--text-dim);\r\n}\r\n\r\n.hero-target-box strong {\r\n    color: var(--text-white);\r\n    font-weight: 600;\r\n}\r\n\r\n\/* --- 4. Bouton CTA --- *\/\r\n.btn-primary {\r\n    display: inline-flex;\r\n    align-items: center;\r\n    gap: 10px;\r\n    background: var(--primary-blue);\r\n    color: white;\r\n    padding: 18px 35px;\r\n    border-radius: 8px;\r\n    font-weight: 700;\r\n    text-decoration: none;\r\n    transition: all 0.3s cubic-bezier(0.4, 0, 0.2, 1);\r\n    box-shadow: 0 10px 20px rgba(27, 174, 236, 0.3);\r\n}\r\n\r\n.btn-primary:hover {\r\n    transform: translateY(-3px);\r\n    box-shadow: 0 15px 30px rgba(27, 174, 236, 0.5);\r\n    background: #179cd4;\r\n}\r\n\r\n\/* --- Responsive --- *\/\r\n@media (max-width: 768px) {\r\n    .hero-title { font-size: 2.2rem; }\r\n    .hero-title small { font-size: 1.1rem; }\r\n    .hero-target-box p { font-size: 1.1rem; }\r\n    .hero-missions-wrapper { gap: 8px; }\r\n}\r\n\/* --- Boutons --- *\/\r\n.cta-button {\r\n  display: inline-block;\r\n  background-color: #1BAEEC;\r\n  color: #FFFFFF;\r\n  padding: 15px 40px;\r\n  border-radius: 5px;\r\n  text-decoration: none;\r\n  font-weight: 600;\r\n  font-size: 1.2em;\r\n  transition: background-color 0.3s ease, transform 0.3s ease;\r\n  box-shadow: 0 4px 8px rgba(0,0,0,0.2);\r\n}\r\n\r\n.cta-button:hover {\r\n  background-color: #0c7eb1;\r\n  transform: translateY(-3px);\r\n  box-shadow: 0 6px 12px rgba(0,0,0,0.3);\r\n}\r\n\r\n\/* --- About \/ Accord\u00e9on --- *\/\r\n.about-us-preview {\r\n  text-align: center;\r\n  padding: 40px 20px 0;\r\n  margin-bottom: 60px;\r\n}\r\n\r\n.about-details {\r\n  max-width: 800px;\r\n  margin: 0 auto;\r\n  text-align: left;\r\n  background-color: #2B364D;\r\n  border: 2px solid #1BAEEC;\r\n  border-radius: 8px;\r\n  padding: 15px;\r\n  transition: all 0.3s ease;\r\n}\r\n\r\n.details-summary {\r\n  cursor: pointer;\r\n  font-size: 1.3em;\r\n  font-weight: 700;\r\n  color: #1BAEEC;\r\n  padding: 10px 0;\r\n  outline: none;\r\n  user-select: none;\r\n  list-style: none;\r\n  transition: color 0.3s ease;\r\n  position: relative;\r\n}\r\n\r\n.details-summary::before {\r\n  content: \"\u25b6\";\r\n  display: inline-block;\r\n  margin-right: 10px;\r\n  transition: transform 0.3s ease;\r\n}\r\n\r\ndetails[open] .details-summary::before {\r\n  transform: rotate(90deg);\r\n}\r\n\r\n.details-content {\r\n  padding-top: 15px;\r\n  border-top: 1px solid rgba(255,255,255,0.2);\r\n  margin-top: 10px;\r\n  font-size: 1.1em;\r\n  color: #D0D0D0;\r\n}\r\n\r\n\/* --- Sections multiples *\/\r\n.about-us-preview.second-about-us {\r\n  margin-top: 50px;\r\n}\r\n\r\n.testimonials-section {\r\n  padding: 60px 20px;\r\n  text-align: center;\r\n  margin-bottom: 60px;\r\n  background-color: #3b4863;\r\n  border-radius: 8px;\r\n}\r\n\r\n.testimonials-grid {\r\n  display: grid;\r\n  grid-template-columns: repeat(auto-fit, minmax(280px, 1fr));\r\n  gap: 30px;\r\n  margin-top: 40px;\r\n}\r\n\r\n.testimonial-item {\r\n  background-color: #2B364D;\r\n  padding: 30px;\r\n  border-radius: 8px;\r\n  text-align: left;\r\n  box-shadow: 0 4px 10px rgba(0,0,0,0.3);\r\n  border-left: 5px solid #1BAEEC;\r\n}\r\n\r\n.quote {\r\n  font-style: italic;\r\n  font-size: 1.1em;\r\n  color: #E0E0E0;\r\n  margin-bottom: 20px;\r\n  line-height: 1.5;\r\n}\r\n\r\n.author {\r\n  font-weight: 300;\r\n  font-size: 0.9em;\r\n  color: #1BAEEC;\r\n}\r\n\r\n.author strong {\r\n  font-size: 1.1em;\r\n  display: block;\r\n  margin-bottom: 5px;\r\n  color: #fff;\r\n}\r\n\r\n.services-section {\r\n  padding: 60px 20px;\r\n  text-align: center;\r\n  margin-bottom: 60px;\r\n}\r\n\r\n.services-grid {\r\n  display: grid;\r\n  grid-template-columns: repeat(auto-fit, minmax(280px, 1fr));\r\n  gap: 30px;\r\n  margin-top: 40px;\r\n  margin-bottom: 40px;\r\n}\r\n\r\n.service-item {\r\n  background-color: #3b4863;\r\n  border-radius: 8px;\r\n  padding: 30px;\r\n  text-align: center;\r\n  border: 1px solid #3b4863;\r\n  transition: transform 0.3s ease, box-shadow 0.3s ease;\r\n}\r\n\r\n.service-item:hover {\r\n  transform: translateY(-5px);\r\n  box-shadow: 0 8px 20px rgba(0,0,0,0.3);\r\n  border-color: #1BAEEC;\r\n}\r\n\r\n.service-item i {\r\n  font-size: 3.5em;\r\n  color: #1BAEEC;\r\n  margin-bottom: 20px;\r\n  display: block;\r\n}\r\n\r\n.service-item h3 {\r\n  color: #FFFFFF;\r\n  font-weight: 700;\r\n  font-size: 1.5em;\r\n  margin-bottom: 15px;\r\n}\r\n\r\n.service-item p {\r\n  color: #E0E0E0;\r\n  line-height: 1.6;\r\n  font-size: 1em;\r\n}\r\n\r\n.secondary-cta {\r\n  background-color: transparent;\r\n  border: 2px solid #1BAEEC;\r\n  color: #1BAEEC;\r\n}\r\n\r\n.secondary-cta:hover {\r\n  background-color: #1BAEEC;\r\n  color: #FFF;\r\n}\r\n\r\n.final-cta-section {\r\n  background-color: #3b4863;\r\n  border-radius: 8px;\r\n  margin-top: 60px;\r\n  padding: 60px 20px;\r\n  text-align: center;\r\n}\r\n\r\n.final-cta-section p {\r\n  max-width: 700px;\r\n  margin: 0 auto 30px;\r\n  font-size: 1.15em;\r\n  color: #fff;\r\n}\r\n\r\n.final-cta-section .cta-button {\r\n  padding: 18px 40px;\r\n  font-size: 1.2em;\r\n  background-color: #1BAEEC;\r\n  border: 2px solid #1BAEEC;\r\n  color: #fff;\r\n  font-weight: 600;\r\n  border-radius: 5px;\r\n  text-decoration: none;\r\n  transition: 0.3s ease all;\r\n}\r\n\r\n.final-cta-section .cta-button:hover {\r\n  background-color: #0c7eb1;\r\n  box-shadow: 0 8px 20px rgba(0,0,0,0.5);\r\n  transform: translateY(-3px);\r\n}\r\n\r\n\/* --- Responsive Media Queries --- *\/\r\n\r\n@media (max-width: 992px) {\r\n  .hero-main-title {\r\n    font-size: 2.8em;\r\n  }\r\n  .hero-key-message-list li {\r\n    font-size: 1.8em;\r\n  }\r\n  .hero-expertise-text {\r\n    font-size: 1em;\r\n  }\r\n  .about-details {\r\n    padding: 10px;\r\n  }\r\n}\r\n\r\n@media (max-width: 768px) {\r\n  .hero-main-title {\r\n    font-size: 2.2em;\r\n  }\r\n  .hero-key-message-list li {\r\n    font-size: 1.4em;\r\n  }\r\n  .hero-expertise-text {\r\n    font-size: 0.9em;\r\n  }\r\n}\r\n\r\n@media (max-width: 480px) {\r\n  .hero-main-title {\r\n    font-size: 1.8em;\r\n  }\r\n  .hero-key-message-list li {\r\n    font-size: 1.1em;\r\n  }\r\n  .hero-expertise-text {\r\n    font-size: 0.85em;\r\n  }\r\n}\r\n<\/style> \r\n\t\t\t\t<\/div>\n\t\t\t\t<\/div>\n\t\t\t\t\t<\/div>\n\t\t\t\t<\/div>\n\t\t\t\t<\/div>\n\t\t","protected":false},"excerpt":{"rendered":"<p>P\u00e9renniser Assurer Accompagner Transformer Management de transition &#038;de projet Appui manag\u00e9rial \u2022 Audit \u2022 Conseil Expertise d\u00e9di\u00e9e aux organismes gestionnaires [&hellip;]<\/p>\n","protected":false},"author":1,"featured_media":0,"parent":0,"menu_order":0,"comment_status":"closed","ping_status":"closed","template":"","meta":{"site-sidebar-layout":"default","site-content-layout":"","ast-site-content-layout":"default","site-content-style":"default","site-sidebar-style":"default","ast-global-header-display":"","ast-banner-title-visibility":"","ast-main-header-display":"","ast-hfb-above-header-display":"","ast-hfb-below-header-display":"","ast-hfb-mobile-header-display":"","site-post-title":"disabled","ast-breadcrumbs-content":"","ast-featured-img":"","footer-sml-layout":"","ast-disable-related-posts":"","theme-transparent-header-meta":"","adv-header-id-meta":"","stick-header-meta":"","header-above-stick-meta":"","header-main-stick-meta":"","header-below-stick-meta":"","astra-migrate-meta-layouts":"default","ast-page-background-enabled":"default","ast-page-background-meta":{"desktop":{"background-color":"var(--ast-global-color-5)","background-image":"","background-repeat":"repeat","background-position":"center center","background-size":"auto","background-attachment":"scroll","background-type":"","background-media":"","overlay-type":"","overlay-color":"","overlay-opacity":"","overlay-gradient":""},"tablet":{"background-color":"","background-image":"","background-repeat":"repeat","background-position":"center center","background-size":"auto","background-attachment":"scroll","background-type":"","background-media":"","overlay-type":"","overlay-color":"","overlay-opacity":"","overlay-gradient":""},"mobile":{"background-color":"","background-image":"","background-repeat":"repeat","background-position":"center center","background-size":"auto","background-attachment":"scroll","background-type":"","background-media":"","overlay-type":"","overlay-color":"","overlay-opacity":"","overlay-gradient":""}},"ast-content-background-meta":{"desktop":{"background-color":"var(--ast-global-color-4)","background-image":"","background-repeat":"repeat","background-position":"center center","background-size":"auto","background-attachment":"scroll","background-type":"","background-media":"","overlay-type":"","overlay-color":"","overlay-opacity":"","overlay-gradient":""},"tablet":{"background-color":"var(--ast-global-color-4)","background-image":"","background-repeat":"repeat","background-position":"center center","background-size":"auto","background-attachment":"scroll","background-type":"","background-media":"","overlay-type":"","overlay-color":"","overlay-opacity":"","overlay-gradient":""},"mobile":{"background-color":"var(--ast-global-color-4)","background-image":"","background-repeat":"repeat","background-position":"center center","background-size":"auto","background-attachment":"scroll","background-type":"","background-media":"","overlay-type":"","overlay-color":"","overlay-opacity":"","overlay-gradient":""}},"_kadence_starter_templates_imported_post":true,"footnotes":""},"class_list":["post-496","page","type-page","status-publish","hentry"],"_links":{"self":[{"href":"https:\/\/reseau360.org\/index.php\/wp-json\/wp\/v2\/pages\/496","targetHints":{"allow":["GET"]}}],"collection":[{"href":"https:\/\/reseau360.org\/index.php\/wp-json\/wp\/v2\/pages"}],"about":[{"href":"https:\/\/reseau360.org\/index.php\/wp-json\/wp\/v2\/types\/page"}],"author":[{"embeddable":true,"href":"https:\/\/reseau360.org\/index.php\/wp-json\/wp\/v2\/users\/1"}],"replies":[{"embeddable":true,"href":"https:\/\/reseau360.org\/index.php\/wp-json\/wp\/v2\/comments?post=496"}],"version-history":[{"count":422,"href":"https:\/\/reseau360.org\/index.php\/wp-json\/wp\/v2\/pages\/496\/revisions"}],"predecessor-version":[{"id":2217,"href":"https:\/\/reseau360.org\/index.php\/wp-json\/wp\/v2\/pages\/496\/revisions\/2217"}],"wp:attachment":[{"href":"https:\/\/reseau360.org\/index.php\/wp-json\/wp\/v2\/media?parent=496"}],"curies":[{"name":"wp","href":"https:\/\/api.w.org\/{rel}","templated":true}]}}